{"id":6,"date":"2021-11-18T15:48:39","date_gmt":"2021-11-18T15:48:39","guid":{"rendered":"https:\/\/fiet.unicauca.edu.co\/sinnem\/?page_id=6"},"modified":"2021-12-03T09:31:50","modified_gmt":"2021-12-03T14:31:50","slug":"about","status":"publish","type":"page","link":"https:\/\/fiet.unicauca.edu.co\/sinnem\/?page_id=6","title":{"rendered":"Comit\u00e9"},"content":{"rendered":"\n<p>El <strong>II Seminario Internacional de Innovaciones Educativas &#8211; SI\u0418NEM 2021<\/strong> es organizado por la <a rel=\"noreferrer noopener\" href=\"https:\/\/www.unicauca.edu.co\" data-type=\"URL\" data-id=\"https:\/\/www.unicauca.edu.co\" target=\"_blank\">Universidad del Cauca<\/a> en el marco del proyecto <a rel=\"noreferrer noopener\" href=\"http:\/\/www.profxxi.org\" data-type=\"URL\" data-id=\"http:\/\/www.profxxi.org\" target=\"_blank\">Construcci\u00f3n de capacidades para el desarrollo de Centros de Ense\u00f1anza y Aprendizaje para las Instituciones Educativas Superiores de Latinoam\u00e9rica en el Siglo XXI &#8211; PROF-XXI<\/a>.<\/p>\n\n\n\n<p>El <strong>Comit\u00e9 Acad\u00e9mico<\/strong> del evento, esta conformado por:<\/p>\n\n\n\n<ul><li>PhD. Mario Solarte (Universidad del Cauca \u2013 Colombia) \u2013 Presidente<\/li><li>PhD. Carlos Delgado Kloos (Universidad Carlos III de Madrid \u2013 Espa\u00f1a)<\/li><li>PhD. Carlos Alario (Universidad Carlos III de Madrid \u2013 Espa\u00f1a)<\/li><li>PhD. \u00c1lvaro Rend\u00f3n (Universidad del Cauca \u2013 Colombia)<\/li><li>PhD. Miguel Corchuelo (Universidad del Cauca \u2013 Colombia)<\/li><li>PhD. Gustavo Ram\u00edrez (Universidad del Cauca \u2013 Colombia)<\/li><li>PhD. Rocael Hern\u00e1ndez Rizzardini (Universidad Galileo \u2013 Guatemala)<\/li><li>PhD. Miguel Morales Chan (Universidad Galileo \u2013 Guatemala)<\/li><li>PhD. H\u00e9ctor Amado (Universidad Galileo \u2013 Guatemala)<\/li><li>PhD. Mar P\u00e9rez-Sangust\u00edn (Universit\u00e9 Toulouse III Paul Sabatier \u2013 Francia)<\/li><li>PhD. Ant\u00f3nio Moreira Teixeira (Universidade Aberta \u2013 Portugal)<\/li><li>PhD. Diana Aristizabal (Universidad San Buenaventura \u2013 Colombia)<\/li><li>PhD. Ana Luc\u00eda Rosero (Universidad San Buenaventura \u2013 Colombia)<\/li><li>PhD. \u00d3scar Jerez Ya\u00f1ez (Universidad de Chile)<\/li><li>PhD. R\u00e1ul Ramirez Valente (Instituto Tecnol\u00f3gico y de Estudios Superiores de Monterrey \u2013 M\u00e9xico)<\/li><li>PhD. Vagner de Sousa Beserra (Universidad de Tarapac\u00e1 \u2013 Chile)<\/li><li>PhD. Ronald P\u00e9rez \u00c1lvarez (Universidad de Costa Rica)<\/li><li>PhD. Jorge G\u00f3mez (Universidad de C\u00f3rdoba \u2013 Colombia)<\/li><li>PhD(c). Magdiel Oliva C\u00f3rdoba (Universidad San Carlos \u2013 Guatemala)<\/li><li>PhD(c). Fabinton Sotelo G\u00f3mez (Fundaci\u00f3n Universitaria de Popay\u00e1n)<\/li><li>Mag. Alejandra Recinos (Universidad San Carlos \u2013 Guatemala)<\/li><li>Mag. Mary Cristina Carrascal (Universidad del Cauca \u2013 Colombia)<\/li><li>Mag. Andr\u00e9s Lara (Universidad del Cauca \u2013 Colombia)<\/li><li>Mag. Olga Luc\u00eda Saavedra (Universidad San Buenaventura \u2013 Colombia)<\/li><li>Mag. Astrid Gonz\u00e1lez (Universidad San Buenaventura \u2013 Colombia)<\/li><\/ul>\n\n\n\n<p><\/p>\n","protected":false},"excerpt":{"rendered":"<p>El II Seminario Internacional de Innovaciones Educativas &#8211; SI\u0418NEM 2021 es organizado por la Universidad del Cauca en el marco del proyecto Construcci\u00f3n de capacidades para el desarrollo de Centros de Ense\u00f1anza y Aprendizaje para las Instituciones Educativas Superiores de Latinoam\u00e9rica en el Siglo XXI &#8211; PROF-XXI. El Comit\u00e9 Acad\u00e9mico del evento, esta conformado por: &hellip; <\/p>\n<p class=\"link-more\"><a href=\"https:\/\/fiet.unicauca.edu.co\/sinnem\/?page_id=6\" class=\"more-link\">Read more<span class=\"screen-reader-text\"> &#8220;Comit\u00e9&#8221;<\/span><\/a><\/p>\n","protected":false},"author":1,"featured_media":0,"parent":0,"menu_order":0,"comment_status":"closed","ping_status":"closed","template":"","meta":[],"_links":{"self":[{"href":"https:\/\/fiet.unicauca.edu.co\/sinnem\/index.php?rest_route=\/wp\/v2\/pages\/6"}],"collection":[{"href":"https:\/\/fiet.unicauca.edu.co\/sinnem\/index.php?rest_route=\/wp\/v2\/pages"}],"about":[{"href":"https:\/\/fiet.unicauca.edu.co\/sinnem\/index.php?rest_route=\/wp\/v2\/types\/page"}],"author":[{"embeddable":true,"href":"https:\/\/fiet.unicauca.edu.co\/sinnem\/index.php?rest_route=\/wp\/v2\/users\/1"}],"replies":[{"embeddable":true,"href":"https:\/\/fiet.unicauca.edu.co\/sinnem\/index.php?rest_route=%2Fwp%2Fv2%2Fcomments&post=6"}],"version-history":[{"count":12,"href":"https:\/\/fiet.unicauca.edu.co\/sinnem\/index.php?rest_route=\/wp\/v2\/pages\/6\/revisions"}],"predecessor-version":[{"id":591,"href":"https:\/\/fiet.unicauca.edu.co\/sinnem\/index.php?rest_route=\/wp\/v2\/pages\/6\/revisions\/591"}],"wp:attachment":[{"href":"https:\/\/fiet.unicauca.edu.co\/sinnem\/index.php?rest_route=%2Fwp%2Fv2%2Fmedia&parent=6"}],"curies":[{"name":"wp","href":"https:\/\/api.w.org\/{rel}","templated":true}]}}