{"id":454,"date":"2021-12-01T02:36:25","date_gmt":"2021-12-01T07:36:25","guid":{"rendered":"https:\/\/fiet.unicauca.edu.co\/sinnem\/?page_id=454"},"modified":"2021-12-21T00:35:40","modified_gmt":"2021-12-21T05:35:40","slug":"jornada-3","status":"publish","type":"page","link":"https:\/\/fiet.unicauca.edu.co\/sinnem\/?page_id=454","title":{"rendered":"Jornada 3"},"content":{"rendered":"\n<div class=\"wp-block-columns\">\n<div class=\"wp-block-column\">\n<div class=\"wp-block-columns\">\n<div class=\"wp-block-column\">\n<figure class=\"wp-block-image size-large\"><img loading=\"lazy\" width=\"577\" height=\"1024\" src=\"https:\/\/fiet.unicauca.edu.co\/sinnem\/wp-content\/uploads\/17-577x1024.png\" alt=\"\" class=\"wp-image-504\" srcset=\"https:\/\/fiet.unicauca.edu.co\/sinnem\/wp-content\/uploads\/17-577x1024.png 577w, https:\/\/fiet.unicauca.edu.co\/sinnem\/wp-content\/uploads\/17-169x300.png 169w, https:\/\/fiet.unicauca.edu.co\/sinnem\/wp-content\/uploads\/17-768x1364.png 768w, https:\/\/fiet.unicauca.edu.co\/sinnem\/wp-content\/uploads\/17-865x1536.png 865w, https:\/\/fiet.unicauca.edu.co\/sinnem\/wp-content\/uploads\/17.png 1082w\" sizes=\"(max-width: 577px) 100vw, 577px\" \/><\/figure>\n<\/div>\n\n\n\n<div class=\"wp-block-column\">\n<figure class=\"wp-block-image size-large\"><img loading=\"lazy\" width=\"575\" height=\"1024\" src=\"https:\/\/fiet.unicauca.edu.co\/sinnem\/wp-content\/uploads\/J3V-5-575x1024.png\" alt=\"\" class=\"wp-image-642\" srcset=\"https:\/\/fiet.unicauca.edu.co\/sinnem\/wp-content\/uploads\/J3V-5-575x1024.png 575w, https:\/\/fiet.unicauca.edu.co\/sinnem\/wp-content\/uploads\/J3V-5-169x300.png 169w, https:\/\/fiet.unicauca.edu.co\/sinnem\/wp-content\/uploads\/J3V-5.png 608w\" sizes=\"(max-width: 575px) 100vw, 575px\" \/><\/figure>\n<\/div>\n<\/div>\n<\/div>\n<\/div>\n\n\n\n<figure class=\"wp-block-image alignfull size-large\"><img loading=\"lazy\" width=\"1024\" height=\"504\" src=\"https:\/\/fiet.unicauca.edu.co\/sinnem\/wp-content\/uploads\/tesisponencias-1-1024x504.png\" alt=\"\" class=\"wp-image-648\" srcset=\"https:\/\/fiet.unicauca.edu.co\/sinnem\/wp-content\/uploads\/tesisponencias-1-1024x504.png 1024w, https:\/\/fiet.unicauca.edu.co\/sinnem\/wp-content\/uploads\/tesisponencias-1-300x148.png 300w, https:\/\/fiet.unicauca.edu.co\/sinnem\/wp-content\/uploads\/tesisponencias-1-768x378.png 768w, https:\/\/fiet.unicauca.edu.co\/sinnem\/wp-content\/uploads\/tesisponencias-1-1536x756.png 1536w, https:\/\/fiet.unicauca.edu.co\/sinnem\/wp-content\/uploads\/tesisponencias-1.png 1927w\" sizes=\"(max-width: 1024px) 100vw, 1024px\" \/><\/figure>\n\n\n\n<p class=\"has-text-align-center\"><br>Se puede acceder a la grabaci\u00f3n de esta jornada a trav\u00e9s del canal de Youtube y la p\u00e1gina de Facebook de la Universidad del Cauca:<\/p>\n\n\n\n<div class=\"wp-block-columns alignwide are-vertically-aligned-center\">\n<div class=\"wp-block-column is-vertically-aligned-center\">\n<div class=\"wp-block-image\"><figure class=\"alignright size-full is-resized\"><a href=\"https:\/\/www.youtube.com\/watch?v=owIzJ0AbT3E\" target=\"_blank\" rel=\"noopener\"><img loading=\"lazy\" src=\"https:\/\/fiet.unicauca.edu.co\/sinnem\/wp-content\/uploads\/yout-1.png\" alt=\"\" class=\"wp-image-534\" width=\"130\" height=\"114\"\/><\/a><figcaption>Jornada ma\u00f1ana<\/figcaption><\/figure><\/div>\n<\/div>\n\n\n\n<div class=\"wp-block-column\">\n<div class=\"wp-block-image\"><figure class=\"alignright size-full is-resized\"><a href=\"https:\/\/www.youtube.com\/watch?v=aZgMeHklK7s\" target=\"_blank\" rel=\"noopener\"><img loading=\"lazy\" src=\"https:\/\/fiet.unicauca.edu.co\/sinnem\/wp-content\/uploads\/yout-1.png\" alt=\"\" class=\"wp-image-534\" width=\"130\" height=\"114\"\/><\/a><figcaption>Jornada tarde<\/figcaption><\/figure><\/div>\n<\/div>\n\n\n\n<div class=\"wp-block-column is-vertically-aligned-center\">\n<div class=\"wp-block-image\"><figure class=\"alignright size-full is-resized\"><a href=\"https:\/\/www.facebook.com\/universidadelcauca\/videos\/494603315209920\/\" target=\"_blank\" rel=\"noopener\"><img loading=\"lazy\" src=\"https:\/\/fiet.unicauca.edu.co\/sinnem\/wp-content\/uploads\/face2.png\" alt=\"\" class=\"wp-image-477\" width=\"122\" height=\"115\"\/><\/a><figcaption> Jornada ma\u00f1ana <\/figcaption><\/figure><\/div>\n<\/div>\n\n\n\n<div class=\"wp-block-column\">\n<div class=\"wp-block-image\"><figure class=\"alignright size-full is-resized\"><a href=\"https:\/\/www.facebook.com\/universidadelcauca\/videos\/4835596359853964\/\" target=\"_blank\" rel=\"noopener\"><img loading=\"lazy\" src=\"https:\/\/fiet.unicauca.edu.co\/sinnem\/wp-content\/uploads\/face2.png\" alt=\"\" class=\"wp-image-477\" width=\"122\" height=\"115\"\/><\/a><figcaption> Jornada tarde <\/figcaption><\/figure><\/div>\n<\/div>\n\n\n\n<div class=\"wp-block-column is-vertically-aligned-center\">\n<div class=\"wp-block-image\"><figure class=\"alignright size-full is-resized\"><a href=\"https:\/\/cgcai.unicauca.edu.co\/innovacioneducativa\/galeria-proyectos\" target=\"_blank\" rel=\"noopener\"><img loading=\"lazy\" src=\"https:\/\/fiet.unicauca.edu.co\/sinnem\/wp-content\/uploads\/gps-2.png\" alt=\"\" class=\"wp-image-580\" width=\"121\" height=\"119\"\/><\/a><\/figure><\/div>\n<\/div>\n<\/div>\n\n\n\n<p><\/p>\n","protected":false},"excerpt":{"rendered":"<p>Se puede acceder a la grabaci\u00f3n de esta jornada a trav\u00e9s del canal de Youtube y la p\u00e1gina de Facebook de la Universidad del Cauca:<\/p>\n","protected":false},"author":3,"featured_media":0,"parent":0,"menu_order":0,"comment_status":"closed","ping_status":"closed","template":"","meta":[],"_links":{"self":[{"href":"https:\/\/fiet.unicauca.edu.co\/sinnem\/index.php?rest_route=\/wp\/v2\/pages\/454"}],"collection":[{"href":"https:\/\/fiet.unicauca.edu.co\/sinnem\/index.php?rest_route=\/wp\/v2\/pages"}],"about":[{"href":"https:\/\/fiet.unicauca.edu.co\/sinnem\/index.php?rest_route=\/wp\/v2\/types\/page"}],"author":[{"embeddable":true,"href":"https:\/\/fiet.unicauca.edu.co\/sinnem\/index.php?rest_route=\/wp\/v2\/users\/3"}],"replies":[{"embeddable":true,"href":"https:\/\/fiet.unicauca.edu.co\/sinnem\/index.php?rest_route=%2Fwp%2Fv2%2Fcomments&post=454"}],"version-history":[{"count":58,"href":"https:\/\/fiet.unicauca.edu.co\/sinnem\/index.php?rest_route=\/wp\/v2\/pages\/454\/revisions"}],"predecessor-version":[{"id":667,"href":"https:\/\/fiet.unicauca.edu.co\/sinnem\/index.php?rest_route=\/wp\/v2\/pages\/454\/revisions\/667"}],"wp:attachment":[{"href":"https:\/\/fiet.unicauca.edu.co\/sinnem\/index.php?rest_route=%2Fwp%2Fv2%2Fmedia&parent=454"}],"curies":[{"name":"wp","href":"https:\/\/api.w.org\/{rel}","templated":true}]}}