{"id":391,"date":"2021-12-01T01:45:32","date_gmt":"2021-12-01T06:45:32","guid":{"rendered":"https:\/\/fiet.unicauca.edu.co\/sinnem\/?page_id=391"},"modified":"2021-12-03T09:57:21","modified_gmt":"2021-12-03T14:57:21","slug":"jornada-1","status":"publish","type":"page","link":"https:\/\/fiet.unicauca.edu.co\/sinnem\/?page_id=391","title":{"rendered":"Jornada 1"},"content":{"rendered":"\n<div class=\"wp-block-columns\">\n<div class=\"wp-block-column\" style=\"flex-basis:50%\">\n<div class=\"wp-block-image is-style-default\"><figure class=\"aligncenter size-large\"><img loading=\"lazy\" width=\"577\" height=\"1024\" src=\"https:\/\/fiet.unicauca.edu.co\/sinnem\/wp-content\/uploads\/1-577x1024.png\" alt=\"\" class=\"wp-image-496\" srcset=\"https:\/\/fiet.unicauca.edu.co\/sinnem\/wp-content\/uploads\/1-577x1024.png 577w, https:\/\/fiet.unicauca.edu.co\/sinnem\/wp-content\/uploads\/1-169x300.png 169w, https:\/\/fiet.unicauca.edu.co\/sinnem\/wp-content\/uploads\/1-768x1364.png 768w, https:\/\/fiet.unicauca.edu.co\/sinnem\/wp-content\/uploads\/1-865x1536.png 865w, https:\/\/fiet.unicauca.edu.co\/sinnem\/wp-content\/uploads\/1.png 1082w\" sizes=\"(max-width: 577px) 100vw, 577px\" \/><\/figure><\/div>\n<\/div>\n\n\n\n<div class=\"wp-block-column is-vertically-aligned-center\" style=\"flex-basis:50%\">\n<figure class=\"wp-block-image size-large\"><img loading=\"lazy\" width=\"575\" height=\"1024\" src=\"https:\/\/fiet.unicauca.edu.co\/sinnem\/wp-content\/uploads\/J1V-2-575x1024.png\" alt=\"\" class=\"wp-image-579\" srcset=\"https:\/\/fiet.unicauca.edu.co\/sinnem\/wp-content\/uploads\/J1V-2-575x1024.png 575w, https:\/\/fiet.unicauca.edu.co\/sinnem\/wp-content\/uploads\/J1V-2-169x300.png 169w, https:\/\/fiet.unicauca.edu.co\/sinnem\/wp-content\/uploads\/J1V-2.png 608w\" sizes=\"(max-width: 575px) 100vw, 575px\" \/><\/figure>\n<\/div>\n<\/div>\n\n\n\n<p class=\"has-text-align-center\">Se puede acceder a la grabaci\u00f3n de esta jornada a trav\u00e9s del canal de Youtube y la p\u00e1gina de Facebook de la Universidad del Cauca:<\/p>\n\n\n\n<div class=\"wp-block-columns alignwide are-vertically-aligned-center\">\n<div class=\"wp-block-column is-vertically-aligned-center\">\n<div class=\"wp-block-image\"><figure class=\"alignright size-full is-resized\"><a href=\"https:\/\/www.youtube.com\/watch?v=24r4o7Y5YsQ\" target=\"_blank\" rel=\"noopener\"><img loading=\"lazy\" src=\"https:\/\/fiet.unicauca.edu.co\/sinnem\/wp-content\/uploads\/yout-1.png\" alt=\"\" class=\"wp-image-534\" width=\"130\" height=\"114\"\/><\/a><\/figure><\/div>\n<\/div>\n\n\n\n<div class=\"wp-block-column\"><\/div>\n\n\n\n<div class=\"wp-block-column is-vertically-aligned-center\">\n<div class=\"wp-block-image\"><figure class=\"alignleft size-full is-resized\"><a href=\"https:\/\/www.facebook.com\/universidadelcauca\/videos\/432791021757981\" target=\"_blank\" rel=\"noopener\"><img loading=\"lazy\" src=\"https:\/\/fiet.unicauca.edu.co\/sinnem\/wp-content\/uploads\/face2.png\" alt=\"\" class=\"wp-image-477\" width=\"122\" height=\"115\"\/><\/a><\/figure><\/div>\n<\/div>\n\n\n\n<div class=\"wp-block-column\"><\/div>\n\n\n\n<div class=\"wp-block-column is-vertically-aligned-center\">\n<div class=\"wp-block-image\"><figure class=\"alignleft size-full is-resized\"><a href=\"https:\/\/cgcai.unicauca.edu.co\/innovacioneducativa\/galeria-proyectos\" target=\"_blank\" rel=\"noopener\"><img loading=\"lazy\" src=\"https:\/\/fiet.unicauca.edu.co\/sinnem\/wp-content\/uploads\/gps-2.png\" alt=\"\" class=\"wp-image-580\" width=\"121\" height=\"119\"\/><\/a><\/figure><\/div>\n<\/div>\n<\/div>\n","protected":false},"excerpt":{"rendered":"<p>Se puede acceder a la grabaci\u00f3n de esta jornada a trav\u00e9s del canal de Youtube y la p\u00e1gina de Facebook de la Universidad del Cauca:<\/p>\n","protected":false},"author":3,"featured_media":0,"parent":0,"menu_order":0,"comment_status":"closed","ping_status":"closed","template":"","meta":[],"_links":{"self":[{"href":"https:\/\/fiet.unicauca.edu.co\/sinnem\/index.php?rest_route=\/wp\/v2\/pages\/391"}],"collection":[{"href":"https:\/\/fiet.unicauca.edu.co\/sinnem\/index.php?rest_route=\/wp\/v2\/pages"}],"about":[{"href":"https:\/\/fiet.unicauca.edu.co\/sinnem\/index.php?rest_route=\/wp\/v2\/types\/page"}],"author":[{"embeddable":true,"href":"https:\/\/fiet.unicauca.edu.co\/sinnem\/index.php?rest_route=\/wp\/v2\/users\/3"}],"replies":[{"embeddable":true,"href":"https:\/\/fiet.unicauca.edu.co\/sinnem\/index.php?rest_route=%2Fwp%2Fv2%2Fcomments&post=391"}],"version-history":[{"count":25,"href":"https:\/\/fiet.unicauca.edu.co\/sinnem\/index.php?rest_route=\/wp\/v2\/pages\/391\/revisions"}],"predecessor-version":[{"id":594,"href":"https:\/\/fiet.unicauca.edu.co\/sinnem\/index.php?rest_route=\/wp\/v2\/pages\/391\/revisions\/594"}],"wp:attachment":[{"href":"https:\/\/fiet.unicauca.edu.co\/sinnem\/index.php?rest_route=%2Fwp%2Fv2%2Fmedia&parent=391"}],"curies":[{"name":"wp","href":"https:\/\/api.w.org\/{rel}","templated":true}]}}