{"id":28,"date":"2021-11-20T09:59:54","date_gmt":"2021-11-20T14:59:54","guid":{"rendered":"https:\/\/fiet.unicauca.edu.co\/sinnem\/?page_id=28"},"modified":"2021-12-04T08:47:24","modified_gmt":"2021-12-04T13:47:24","slug":"politica-de-privacidad","status":"publish","type":"page","link":"https:\/\/fiet.unicauca.edu.co\/sinnem\/politica-de-privacidad\/","title":{"rendered":"Pol\u00edtica de privacidad"},"content":{"rendered":"\n<h2>Qui\u00e9nes somos<\/h2>\n\n\n\n<p>Este sitio web es creado y mantenido por el equipo organizador del II Seminario Internacional de Innovaciones Educativas &#8211; SIN\u0418EM 2021 de la <a rel=\"noreferrer noopener\" href=\"http:\/\/www.unicauca.edu.co\" data-type=\"URL\" data-id=\"http:\/\/www.unicauca.edu.co\" target=\"_blank\">Universidad del Cauca<\/a> (Colombia) en el marco del proyecto <a rel=\"noreferrer noopener\" href=\"http:\/\/www.profxxi.org\" data-type=\"URL\" data-id=\"http:\/\/www.profxxi.org\" target=\"_blank\">Centros de Ense\u00f1anza y Aprendizaje para las Universidades de Latinoam\u00e9rica en el siglo XXI<\/a> &#8211; PROF-XXI el cu\u00e1l es confinanciado por el programa Erasmus+ de la Comunidad Europea.<\/p>\n\n\n\n<h2>Comentarios<\/h2>\n\n\n\n<p>Cuando los visitantes dejan comentarios en el sitio recopilamos los datos mostrados en el formulario y tambi\u00e9n la direcci\u00f3n IP del visitante y la cadena del agente de usuario del navegador para ayudar a la detecci\u00f3n de spam.<\/p>\n\n\n\n<p>Adem\u00e1s se proporciona una cadena an\u00f3nima creada a partir de su direcci\u00f3n de correo electr\u00f3nico (tambi\u00e9n denominada hash) al servicio Gravatar para obtener una imagen de perfil si el visitante usa este servicio. La pol\u00edtica de privacidad del servicio Gravatar est\u00e1 disponible aqu\u00ed: <a href=\"https:\/\/automattic.com\/privacy\/\" target=\"_blank\" rel=\"noreferrer noopener\">https:\/\/automattic.com\/privacy\/<\/a><\/p>\n\n\n\n<h2>Medios<\/h2>\n\n\n\n<p>Si subes im\u00e1genes al sitio web, debes evitar cargar im\u00e1genes con datos de ubicaci\u00f3n incrustados ya que los visitantes extraer estos datos.<\/p>\n\n\n\n<h2>Cookies<\/h2>\n\n\n\n<p>Si deja un comentario en nuestro sitio, puedes optar por guardar tu nombre, direcci\u00f3n de correo electr\u00f3nico y sitio web en una cookie. Estos se hace para que no tengas que volver a rellenar tus datos cuando dejes otro comentario. Estas cookies tendr\u00e1n un a\u00f1o de duraci\u00f3n.<\/p>\n\n\n\n<p>Si visitas nuestra p\u00e1gina de Acceso, se instalar\u00e1 una cookie temporal para determinar si tu navegador acepta cookies. Esta cookie no contiene datos personales y se elimina al cerrar el navegador.<\/p>\n\n\n\n<p>Cuando inicies sesi\u00f3n, se instalar\u00e1n varias cookies para guardar tu informaci\u00f3n de acceso y opciones de visualizaci\u00f3n de pantalla. Las cookies de acceso permanecer\u00e1n por dos d\u00edas y las cookies de opciones de pantalla se guardar\u00e1n por un a\u00f1o. Si seleccionas \u00abRecu\u00e9rdarme\u00bb en tu inicio de sesi\u00f3n, estas se guardar\u00e1n por dos semanas. Si cierra la sesi\u00f3n de tu cuenta, las cookies de acceso se eliminar\u00e1n.<\/p>\n\n\n\n<p>Si editas o publicas un art\u00edculo se guardar\u00e1 una cookie adicional en tu navegador. Esta cookie no incluye datos personales y simplemente indica el ID del art\u00edculo que acabas de editar. Caduca despu\u00e9s de 1 d\u00eda.<\/p>\n\n\n\n<h2>Contenido incrustado de otros sitios web<\/h2>\n\n\n\n<p>Los art\u00edculos de este sitio pueden incluir contenido incrustado (por ejemplo, v\u00eddeos, im\u00e1genes, art\u00edculos, etc.). El contenido incrustado de otras webs se comporta exactamente de la misma manera que si el visitante hubiera visitado la otra web.<\/p>\n\n\n\n<p>Estas web pueden recopilar datos sobre ti, utilizar cookies, incrustar un seguimiento adicional de terceros, y supervisar tu interacci\u00f3n con ese contenido incrustado, incluido el seguimiento de tu interacci\u00f3n con el contenido incrustado si tienes una cuenta y est\u00e1s conectado a esa web.<\/p>\n\n\n\n<h2>Con qui\u00e9n compartimos tus datos<\/h2>\n\n\n\n<p>Si solicitas un restablecimiento de contrase\u00f1a, tu direcci\u00f3n IP ser\u00e1 incluida en el correo electr\u00f3nico de restablecimiento.<\/p>\n\n\n\n<p>La informaci\u00f3n registrada del formulario de pre-inscripci\u00f3n ser\u00e1 utilizada por la Universidad del Cauca y por las instituciones que hacen parte de la red PROF-XXI, en la divulgaci\u00f3n de los eventos acad\u00e9micos del proyecto PROF-XXI de acuerdo con las disposiciones consagradas en la Ley 1581 del 2012 sobre protecci\u00f3n de datos personales y el Decreto Reglamentario 1377 de 2013 de Colombia. Las personas que se pre-inscriban tienen el derecho de solicitar la eliminaci\u00f3n de sus datos personales pasado el evento, para lo cu\u00e1l deben enviar su solicitud al correo electr\u00f3nico <a rel=\"noreferrer noopener\" href=\"mailto:profxxi@unicauca.edu.co\" target=\"_blank\">profxxi@unicauca.edu.co<\/a>.<\/p>\n\n\n\n<h2>Cu\u00e1nto tiempo conservamos tus datos<\/h2>\n\n\n\n<p>Si dejas un comentario, el comentario y sus metadatos se conservan indefinidamente. Esto es para que podamos reconocer y aprobar autom\u00e1ticamente cualquier comentario de seguimiento.<\/p>\n\n\n\n<p>Para los usuarios que se registren en nuestro sitio web, se almacenar\u00e1n todos sus datos de informaci\u00f3n personal que proporcionen. Cualquier usuario puede ver, editar o eliminar su informaci\u00f3n personal cuando lo desee (a excepci\u00f3n del nombre de usuario que no se puede editar). Los administradores de sitios web, tambi\u00e9n pueden ver y editar dicha informaci\u00f3n. <\/p>\n\n\n\n<h2>Qu\u00e9 derechos tienes sobre tus datos<\/h2>\n\n\n\n<p>Si tienes una cuenta en este sitio, o ha dejado comentarios, puedes solicitar la exportaci\u00f3n de un archivo con tus datos personales recopilados, incluyendo cualquier otro dato que nos haya proporcionado. Tambi\u00e9n puede solicitar la eliminaci\u00f3n de cualquier dato personal que guardemos sobre ti. Esto no incluye los datos que estamos obligados a consevar para fines administrativos, legales o de seguridad.<\/p>\n\n\n\n<h2>D\u00f3nde enviamos tus datos<\/h2>\n\n\n\n<p>Puede que los comentarios de los visitantes sean validados por un servicio automatico de detecci\u00f3n de spam.<\/p>\n","protected":false},"excerpt":{"rendered":"<p>Qui\u00e9nes somos Este sitio web es creado y mantenido por el equipo organizador del II Seminario Internacional de Innovaciones Educativas &#8211; SIN\u0418EM 2021 de la Universidad del Cauca (Colombia) en el marco del proyecto Centros de Ense\u00f1anza y Aprendizaje para las Universidades de Latinoam\u00e9rica en el siglo XXI &#8211; PROF-XXI el cu\u00e1l es confinanciado por &hellip; <\/p>\n<p class=\"link-more\"><a href=\"https:\/\/fiet.unicauca.edu.co\/sinnem\/politica-de-privacidad\/\" class=\"more-link\">Read more<span class=\"screen-reader-text\"> &#8220;Pol\u00edtica de privacidad&#8221;<\/span><\/a><\/p>\n","protected":false},"author":1,"featured_media":0,"parent":0,"menu_order":0,"comment_status":"closed","ping_status":"closed","template":"","meta":[],"_links":{"self":[{"href":"https:\/\/fiet.unicauca.edu.co\/sinnem\/wp-json\/wp\/v2\/pages\/28"}],"collection":[{"href":"https:\/\/fiet.unicauca.edu.co\/sinnem\/wp-json\/wp\/v2\/pages"}],"about":[{"href":"https:\/\/fiet.unicauca.edu.co\/sinnem\/wp-json\/wp\/v2\/types\/page"}],"author":[{"embeddable":true,"href":"https:\/\/fiet.unicauca.edu.co\/sinnem\/wp-json\/wp\/v2\/users\/1"}],"replies":[{"embeddable":true,"href":"https:\/\/fiet.unicauca.edu.co\/sinnem\/wp-json\/wp\/v2\/comments?post=28"}],"version-history":[{"count":3,"href":"https:\/\/fiet.unicauca.edu.co\/sinnem\/wp-json\/wp\/v2\/pages\/28\/revisions"}],"predecessor-version":[{"id":620,"href":"https:\/\/fiet.unicauca.edu.co\/sinnem\/wp-json\/wp\/v2\/pages\/28\/revisions\/620"}],"wp:attachment":[{"href":"https:\/\/fiet.unicauca.edu.co\/sinnem\/wp-json\/wp\/v2\/media?parent=28"}],"curies":[{"name":"wp","href":"https:\/\/api.w.org\/{rel}","templated":true}]}}